{"id":4051,"date":"2024-05-20T15:55:24","date_gmt":"2024-05-20T15:55:24","guid":{"rendered":"https:\/\/afroatenas.org\/?page_id=4051"},"modified":"2024-08-23T13:55:39","modified_gmt":"2024-08-23T13:55:39","slug":"contacto","status":"publish","type":"page","link":"https:\/\/afroatenas.org\/index.php\/contacto\/","title":{"rendered":"Contacto"},"content":{"rendered":"\n<div class=\"wp-block-uagb-container uagb-block-6b21bd29 alignfull uagb-is-root-container\"><div class=\"uagb-container-inner-blocks-wrap\">\n<div class=\"wp-block-uagb-container uagb-block-a27d0cd7 alignfull uagb-is-root-container\"><div class=\"uagb-container-inner-blocks-wrap\">\n<div class=\"wp-block-uagb-container uagb-block-2e045d7b\">\n<div class=\"wp-block-uagb-advanced-heading uagb-block-18e25aab\"><h4 class=\"uagb-heading-text\">Contactos<\/h4><\/div>\n\n\n\n<div class=\"wp-block-uagb-container uagb-block-e140081c\">\n<div class=\"wp-block-uagb-container uagb-block-167ec6c8\">\n<div class=\"wp-block-uagb-advanced-heading uagb-block-8aa83a0a\"><h2 class=\"uagb-heading-text\">Tel\u00e9fono m\u00f3vil: <\/h2><\/div>\n\n\n\n<p class=\"has-text-align-center\">+53 53 36 08 35<\/p>\n<\/div>\n\n\n\n<div class=\"wp-block-uagb-container uagb-block-197d1a81\">\n<div class=\"wp-block-uagb-advanced-heading uagb-block-d4737026\"><h2 class=\"uagb-heading-text\">Tel\u00e9fono fijo: <\/h2><\/div>\n\n\n\n<p class=\"has-text-align-center\">45 271683<\/p>\n<\/div>\n<\/div>\n\n\n\n<div class=\"wp-block-uagb-container uagb-block-b49c6e5c\">\n<p class=\"has-text-align-center\">Email: afroatenasmatanzas@gmail.com<\/p>\n\n\n\n<p class=\"has-text-align-center\">Direcci\u00f3n: Calle 284 entre 117 y 119, Callej\u00f3n de las Tradiciones, Pueblo Nuevo, Matanzas, Cuba.<\/p>\n<\/div>\n<\/div>\n<\/div><\/div>\n<\/div><\/div>\n\n\n\n<div class=\"wp-block-uagb-container uagb-block-5d8808d5 alignfull uagb-is-root-container\"><div class=\"uagb-container-inner-blocks-wrap\">\n<div class=\"wp-block-uagb-container uagb-block-c3531a09 default uagb-is-root-container\">\n<div class=\"wp-block-uagb-advanced-heading uagb-block-8ca4d26b\"><h2 class=\"uagb-heading-text\">Env\u00edanos un email.<\/h2><\/div>\n\n\n\n<div class=\"wp-block-uagb-advanced-heading uagb-block-69c4b722\"><h3 class=\"uagb-heading-text\">Nos importa tu opini\u00f3n.<\/h3><\/div>\n\n\n\n<div class=\"wp-block-group has-background is-content-justification-center is-nowrap is-layout-flex wp-container-core-group-is-layout-0a12bad6 wp-block-group-is-layout-flex\" style=\"background-color:#292929\">\n<div class=\"root-eb-form-5k1gq wp-block-essential-blocks-form\">\n    <div class=\"eb-parent-wrapper eb-parent-eb-form-5k1gq eb_animation eb___animated eb___zoomIn\">\n        <div id=\"eb-form-5k1gq\" class=\"eb-form-5k1gq eb-form-wrapper\">\n            <form id=\"ebf-a39702\" class=\"eb-form form-layout-block form-style-modern\" action=\"\">\n                <div class=\"eb-form-fields\">\n                    \n\n<div class=\"wp-block-essential-blocks-row alignfull  root-eb-row-9iwrv\"><div class=\"eb-parent-wrapper eb-parent-eb-row-9iwrv \"><div class=\"eb-row-root-container eb-row-9iwrv\" data-id=\"eb-row-9iwrv\"><div class=\"eb-row-wrapper\"><div class=\"eb-row-inner\">\n<div class=\"wp-block-essential-blocks-column  root-eb-column-1vr1i\"><div class=\"eb-parent-wrapper eb-parent-eb-column-1vr1i \"><div class=\"eb-column-wrapper eb-column-1vr1i\"><div class=\"eb-column-inner\">\n<div class=\"wp-block-essential-blocks-form-text-field eb-form-field root-eb-text-field-kn454\"><div class=\"eb-parent-wrapper eb-parent-eb-text-field-kn454 \"><div class=\"eb-text-field-kn454 eb-text-field-wrapper eb-field-wrapper\"><div class=\"eb-field-input-wrap\"><i class=\"fas fa-user eb-input-icon\"><\/i><input type=\"text\" id=\"first-name\" name=\"first-name\" class=\"eb-field-input\" placeholder=\"Enter your first name here...\" \/><label for=\"first-name\">Nombre <span class=\"eb-required\">*<\/span><\/label><\/div><div class=\"eb-form-validation eb-validate-first-name\">This field is required.<\/div><\/div><\/div><\/div>\n<\/div><\/div><\/div><\/div>\n\n\n\n<div class=\"wp-block-essential-blocks-column  root-eb-column-h0l6j\"><div class=\"eb-parent-wrapper eb-parent-eb-column-h0l6j \"><div class=\"eb-column-wrapper eb-column-h0l6j\"><div class=\"eb-column-inner\">\n<div class=\"wp-block-essential-blocks-form-text-field eb-form-field root-eb-text-field-vyo91\"><div class=\"eb-parent-wrapper eb-parent-eb-text-field-vyo91 \"><div class=\"eb-text-field-vyo91 eb-text-field-wrapper eb-field-wrapper\"><div class=\"eb-field-input-wrap\"><i class=\"fas fa-user eb-input-icon\"><\/i><input type=\"text\" id=\"last-name\" name=\"last-name\" class=\"eb-field-input\" placeholder=\"Enter your last name here...\" \/><label for=\"last-name\">Apellidos <span class=\"eb-required\">*<\/span><\/label><\/div><div class=\"eb-form-validation eb-validate-last-name\">This field is required.<\/div><\/div><\/div><\/div>\n<\/div><\/div><\/div><\/div>\n<\/div><\/div><\/div><\/div><\/div>\n\n\n\n<div class=\"wp-block-essential-blocks-form-text-field eb-form-field root-eb-text-field-8jn3e\"><div class=\"eb-parent-wrapper eb-parent-eb-text-field-8jn3e \"><div class=\"eb-text-field-8jn3e eb-text-field-wrapper eb-field-wrapper\"><div class=\"eb-field-input-wrap\"><i class=\"fas fa-user eb-input-icon\"><\/i><input type=\"text\" id=\"subject\" name=\"subject\" class=\"eb-field-input\" placeholder=\"Enter your subject here...\" \/><label for=\"subject\">Asunto <span class=\"eb-required\">*<\/span><\/label><\/div><div class=\"eb-form-validation eb-validate-subject\">This field is required.<\/div><\/div><\/div><\/div>\n\n\n\n<div class=\"wp-block-essential-blocks-form-email-field eb-form-field root-eb-email-field-9f183\"><div class=\"eb-parent-wrapper eb-parent-eb-email-field-9f183 \"><div class=\"eb-email-field-9f183 eb-email-field-wrapper eb-field-wrapper\"><div class=\"eb-field-input-wrap\"><i class=\"far fa-envelope eb-input-icon\"><\/i><input type=\"email\" id=\"email\" name=\"email\" class=\"eb-field-input\" value=\"\" placeholder=\"Enter your email here...\" \/><label for=\"email\" class=\"eb-field-label\">Email <span class=\"eb-required\">*<\/span><\/label><\/div><div class=\"eb-form-validation eb-validate-email\">This field is required.<\/div><\/div><\/div><\/div>\n\n\n\n<div class=\"wp-block-essential-blocks-form-textarea-field eb-form-field root-eb-textarea-field-wczgt\"><div class=\"eb-parent-wrapper eb-parent-eb-textarea-field-wczgt \"><div class=\"eb-textarea-field-wczgt eb-textarea-field-wrapper eb-field-wrapper\"><div class=\"eb-field-input-wrap\"><i class=\"far fa-edit eb-input-icon\"><\/i><textarea rows=\"5\" cols=\"100\" id=\"message\" class=\"eb-field-input\" name=\"message\" placeholder=\"Enter your message here...\"><\/textarea><label for=\"message\">Mensaje <\/label><\/div><\/div><\/div><\/div>\n\n                <\/div>\n                <input class=\"form-nonce\" type=\"hidden\" name=\"form-nonce\" value=\"c5bd563dca\" \/>\n                <div class=\"eb-form-submit\">\n                    <button type=\"submit\" class=\"btn btn-primary eb-form-submit-button\" data-id=\"eb-form-5k1gq\" data-form-id=\"ebf-a39702\">\n                Enviar\n                <img decoding=\"async\" class=\"eb-form-submit-loader\" src=\"https:\/\/afroatenas.org\/wp-content\/plugins\/essential-blocks\/assets\/images\/loading.svg\" \/>\n            <\/button>                <\/div>\n            <\/form>\n            <div class=\"eb_form_submit_response\" data-confirmation-type=\"message\" data-success=\"Su email ha sido enviado Correctamente!\" data-error=\"Ha ocurrido alg\u00fan error, por favor intente de nuevo.\"><\/div>        <\/div>\n    <\/div>\n<\/div>\n<\/div>\n<\/div>\n<\/div><\/div>\n","protected":false},"excerpt":{"rendered":"<p>Contactos Tel\u00e9fono m\u00f3vil: +53 53 36 08 35 Tel\u00e9fono fijo: 45 271683 Email: afroatenasmatanzas@gmail.com Direcci\u00f3n: Calle 284 entre 117 y [&hellip;]<\/p>\n","protected":false},"author":2,"featured_media":0,"parent":0,"menu_order":0,"comment_status":"closed","ping_status":"closed","template":"","meta":{"_eb_attr":"","_uag_custom_page_level_css":"p {\n\t font-family: Arial, sans-serif !important;\n\t font-size: 16px !important;\n\t color: #CCCCCC !important;\n\n\tmargin-bottom: 20px !important;\n}\n","site-sidebar-layout":"default","site-content-layout":"","ast-site-content-layout":"","site-content-style":"default","site-sidebar-style":"default","ast-global-header-display":"","ast-banner-title-visibility":"","ast-main-header-display":"","ast-hfb-above-header-display":"","ast-hfb-below-header-display":"","ast-hfb-mobile-header-display":"","site-post-title":"disabled","ast-breadcrumbs-content":"","ast-featured-img":"","footer-sml-layout":"","theme-transparent-header-meta":"","adv-header-id-meta":"","stick-header-meta":"","header-above-stick-meta":"","header-main-stick-meta":"","header-below-stick-meta":"","astra-migrate-meta-layouts":"default","ast-page-background-enabled":"default","ast-page-background-meta":{"desktop":{"background-color":"var(--ast-global-color-4)","background-image":"","background-repeat":"repeat","background-position":"center center","background-size":"auto","background-attachment":"scroll","background-type":"","background-media":"","overlay-type":"","overlay-color":"","overlay-opacity":"","overlay-gradient":""},"tablet":{"background-color":"","background-image":"","background-repeat":"repeat","background-position":"center center","background-size":"auto","background-attachment":"scroll","background-type":"","background-media":"","overlay-type":"","overlay-color":"","overlay-opacity":"","overlay-gradient":""},"mobile":{"background-color":"","background-image":"","background-repeat":"repeat","background-position":"center center","background-size":"auto","background-attachment":"scroll","background-type":"","background-media":"","overlay-type":"","overlay-color":"","overlay-opacity":"","overlay-gradient":""}},"ast-content-background-meta":{"desktop":{"background-color":"var(--ast-global-color-5)","background-image":"","background-repeat":"repeat","background-position":"center center","background-size":"auto","background-attachment":"scroll","background-type":"","background-media":"","overlay-type":"","overlay-color":"","overlay-opacity":"","overlay-gradient":""},"tablet":{"background-color":"var(--ast-global-color-5)","background-image":"","background-repeat":"repeat","background-position":"center center","background-size":"auto","background-attachment":"scroll","background-type":"","background-media":"","overlay-type":"","overlay-color":"","overlay-opacity":"","overlay-gradient":""},"mobile":{"background-color":"var(--ast-global-color-5)","background-image":"","background-repeat":"repeat","background-position":"center center","background-size":"auto","background-attachment":"scroll","background-type":"","background-media":"","overlay-type":"","overlay-color":"","overlay-opacity":"","overlay-gradient":""}},"_mc_calendar":[],"footnotes":""},"class_list":["post-4051","page","type-page","status-publish","hentry"],"uagb_featured_image_src":{"full":false,"thumbnail":false,"medium":false,"medium_large":false,"large":false,"1536x1536":false,"2048x2048":false},"uagb_author_info":{"display_name":"Rogelio Benavides","author_link":"https:\/\/afroatenas.org\/index.php\/author\/programador\/"},"uagb_comment_info":0,"uagb_excerpt":"Contactos Tel\u00e9fono m\u00f3vil: +53 53 36 08 35 Tel\u00e9fono fijo: 45 271683 Email: afroatenasmatanzas@gmail.com Direcci\u00f3n: Calle 284 entre 117 y [&hellip;]","_links":{"self":[{"href":"https:\/\/afroatenas.org\/index.php\/wp-json\/wp\/v2\/pages\/4051","targetHints":{"allow":["GET"]}}],"collection":[{"href":"https:\/\/afroatenas.org\/index.php\/wp-json\/wp\/v2\/pages"}],"about":[{"href":"https:\/\/afroatenas.org\/index.php\/wp-json\/wp\/v2\/types\/page"}],"author":[{"embeddable":true,"href":"https:\/\/afroatenas.org\/index.php\/wp-json\/wp\/v2\/users\/2"}],"replies":[{"embeddable":true,"href":"https:\/\/afroatenas.org\/index.php\/wp-json\/wp\/v2\/comments?post=4051"}],"version-history":[{"count":13,"href":"https:\/\/afroatenas.org\/index.php\/wp-json\/wp\/v2\/pages\/4051\/revisions"}],"predecessor-version":[{"id":5763,"href":"https:\/\/afroatenas.org\/index.php\/wp-json\/wp\/v2\/pages\/4051\/revisions\/5763"}],"wp:attachment":[{"href":"https:\/\/afroatenas.org\/index.php\/wp-json\/wp\/v2\/media?parent=4051"}],"curies":[{"name":"wp","href":"https:\/\/api.w.org\/{rel}","templated":true}]}}